{"id":76,"date":"2025-05-05T13:10:10","date_gmt":"2025-05-05T16:10:10","guid":{"rendered":"https:\/\/eatkids.moine.com.ar\/?post_type=product&#038;p=76"},"modified":"2026-03-18T13:46:49","modified_gmt":"2026-03-18T16:46:49","slug":"remera-overzise-negra-24-1-peinada","status":"publish","type":"product","link":"https:\/\/pichai.com.ar\/es\/product\/remera-overzise-negra-24-1-peinada\/","title":{"rendered":"REMERA OVERZISE NEGRA 24.1 PEINADA"},"content":{"rendered":"<p><strong>Remera oversize de algod\u00f3n peinado<\/strong><span style=\"font-weight: 400;\">, confeccionada con algod\u00f3n peinado de alta calidad, esta remera te ofrece una suavidad y resistencia que har\u00e1n la diferencia en tu armario.<\/span><\/p>\n<h3><b>Caracter\u00edsticas Principales:<\/b><\/h3>\n<ul>\n<li style=\"font-weight: 400;\" aria-level=\"1\"><b>Algod\u00f3n Peinado 24.1<\/b><span style=\"font-weight: 400;\">: Material premium que garantiza una textura suave y duradera al contacto con la piel.<\/span><\/li>\n<li style=\"font-weight: 400;\" aria-level=\"1\"><b>Dise\u00f1o Oversize<\/b><span style=\"font-weight: 400;\">: Corte amplio y relajado para un look moderno y c\u00f3modo, ideal para usar solo o con capas.<\/span><\/li>\n<li style=\"font-weight: 400;\" aria-level=\"1\"><b>Cuello Rib y Tirillera de Hombro a Hombro<\/b><span style=\"font-weight: 400;\">: Detalles que aportan estilo y mayor resistencia en las zonas de mayor uso.<\/span><\/li>\n<li style=\"font-weight: 400;\" aria-level=\"1\"><b>Tapa Costura<\/b><span style=\"font-weight: 400;\">: Terminaci\u00f3n que asegura una confecci\u00f3n prolija y duradera, evitando desgaste prematuro.<\/span><\/li>\n<\/ul>\n<p><span style=\"font-weight: 400;\">Esta remera es perfecta para quienes buscan un equilibrio entre funcionalidad y tendencia. Su tono aporta versatilidad, combinando f\u00e1cilmente con jeans, pantalones de tela o joggers para cualquier ocasi\u00f3n.<\/span><\/p>\n<p><span style=\"font-weight: 400;\">\u00a0<\/span><\/p>","protected":false},"excerpt":{"rendered":"<p>Remera oversize de algod\u00f3n peinado, confeccionada con algod\u00f3n peinado de alta calidad, esta remera te ofrece una suavidad y resistencia que har\u00e1n la diferencia en tu armario. Caracter\u00edsticas Principales: Algod\u00f3n Peinado 24.1: Material premium que garantiza una textura suave y duradera al contacto con la piel. Dise\u00f1o Oversize: Corte amplio y relajado para un look [&hellip;]<\/p>\n","protected":false},"featured_media":1373,"template":"","meta":[],"product_brand":[],"product_cat":[37],"product_tag":[],"class_list":{"0":"post-76","1":"product","2":"type-product","3":"status-publish","4":"has-post-thumbnail","6":"product_cat-oversize","8":"first","9":"instock","10":"shipping-taxable","11":"product-type-variable"},"_links":{"self":[{"href":"https:\/\/pichai.com.ar\/es\/wp-json\/wp\/v2\/product\/76","targetHints":{"allow":["GET"]}}],"collection":[{"href":"https:\/\/pichai.com.ar\/es\/wp-json\/wp\/v2\/product"}],"about":[{"href":"https:\/\/pichai.com.ar\/es\/wp-json\/wp\/v2\/types\/product"}],"version-history":[{"count":8,"href":"https:\/\/pichai.com.ar\/es\/wp-json\/wp\/v2\/product\/76\/revisions"}],"predecessor-version":[{"id":1194,"href":"https:\/\/pichai.com.ar\/es\/wp-json\/wp\/v2\/product\/76\/revisions\/1194"}],"wp:featuredmedia":[{"embeddable":true,"href":"https:\/\/pichai.com.ar\/es\/wp-json\/wp\/v2\/media\/1373"}],"wp:attachment":[{"href":"https:\/\/pichai.com.ar\/es\/wp-json\/wp\/v2\/media?parent=76"}],"wp:term":[{"taxonomy":"product_brand","embeddable":true,"href":"https:\/\/pichai.com.ar\/es\/wp-json\/wp\/v2\/product_brand?post=76"},{"taxonomy":"product_cat","embeddable":true,"href":"https:\/\/pichai.com.ar\/es\/wp-json\/wp\/v2\/product_cat?post=76"},{"taxonomy":"product_tag","embeddable":true,"href":"https:\/\/pichai.com.ar\/es\/wp-json\/wp\/v2\/product_tag?post=76"}],"curies":[{"name":"wp","href":"https:\/\/api.w.org\/{rel}","templated":true}]}}